{"id":2715,"date":"2025-07-07T00:37:45","date_gmt":"2025-07-07T00:37:45","guid":{"rendered":"https:\/\/altos-tech.com\/?page_id=2715"},"modified":"2025-08-04T15:06:33","modified_gmt":"2025-08-04T15:06:33","slug":"herramientas-de-produccion","status":"publish","type":"page","link":"https:\/\/altos-tech.com\/en\/herramientas-de-produccion\/","title":{"rendered":"Production Tools"},"content":{"rendered":"<div data-elementor-type=\"wp-page\" data-elementor-id=\"2715\" class=\"elementor elementor-2715\">\n\t\t\t\t\t\t<section class=\"elementor-section elementor-top-section elementor-element elementor-element-11b7deb elementor-section-full_width elementor-section-height-default elementor-section-height-default qodef-elementor-content-no\" data-id=\"11b7deb\" data-element_type=\"section\" data-e-type=\"section\">\n\t\t\t\t\t\t<div class=\"elementor-container elementor-column-gap-no\">\n\t\t\t\t\t<div class=\"elementor-column elementor-col-100 elementor-top-column elementor-element elementor-element-4b627de3\" data-id=\"4b627de3\" data-element_type=\"column\" data-e-type=\"column\">\n\t\t\t<div class=\"elementor-widget-wrap elementor-element-populated\">\n\t\t\t\t\t\t<div class=\"elementor-element elementor-element-34a09b45 elementor-widget elementor-widget-qode_essential_addons_portfolio_list\" data-id=\"34a09b45\" data-element_type=\"widget\" data-e-type=\"widget\" data-widget_type=\"qode_essential_addons_portfolio_list.default\">\n\t\t\t\t<div class=\"elementor-widget-container\">\n\t\t\t\t\t<div class=\"qodef-shortcode qodef-m  qodef-portfolio-list qodef-item-layout--info-below qodef-alignment--centered qodef-content-has-background-color   qodef-grid qodef-layout--masonry  qodef-gutter--normal qodef-col-num--2  qodef-item-layout--info-below qodef-responsive--predefined\"  >\n\t<div class=\"qodef-grid-inner\">\n\t\t\t<div class=\"qodef-grid-masonry-sizer\"><\/div>\n<article class=\"qodef-e qodef-grid-item post-2671 portfolio-item type-portfolio-item status-publish has-post-thumbnail hentry portfolio-category-herramientas-de-produccion\">\n\t<div class=\"qodef-e-inner\" >\n\t\t<div class=\"qodef-e-image\">\n\t\t\t\t<div class=\"qodef-e-media-image\">\n\t\t<a itemprop=\"url\" href=\"https:\/\/altos-tech.com\/en\/portfolio-item\/fsmt-seccion-mecanica-spinner-fullbore\/\">\n\t\t\t<img fetchpriority=\"high\" decoding=\"async\" width=\"1024\" height=\"683\" src=\"https:\/\/altos-tech.com\/wp-content\/uploads\/2025\/07\/FSMT-1.jpg\" class=\"attachment-full size-full wp-post-image\" alt=\"FSMT Secci\u00f3n mec\u00e1nica Spinner Fullbore\" srcset=\"https:\/\/altos-tech.com\/wp-content\/uploads\/2025\/07\/FSMT-1.jpg 1024w, https:\/\/altos-tech.com\/wp-content\/uploads\/2025\/07\/FSMT-1-300x200.jpg 300w, https:\/\/altos-tech.com\/wp-content\/uploads\/2025\/07\/FSMT-1-768x512.jpg 768w, https:\/\/altos-tech.com\/wp-content\/uploads\/2025\/07\/FSMT-1-200x133.jpg 200w\" sizes=\"(max-width: 1024px) 100vw, 1024px\" \/>\t\t\t\t\t<\/a>\n\t<\/div>\n\t\t<\/div>\n\t\t<div class=\"qodef-e-content\" style=\"background-color: #FFFFFF\">\n\t\t\t\t\t\t\t\t<div class=\"qodef-e-info-category\" style=\"margin: 0px \">\n\t\t<a href=\"https:\/\/altos-tech.com\/en\/portfolio-category\/herramientas-de-produccion\/\" rel=\"tag\">Production Tools<\/a>\t<\/div>\n\t\t\t\t<h5 itemprop=\"name\" class=\"qodef-e-title entry-title\" >\n\t<a itemprop=\"url\" class=\"qodef-e-title-link\" href=\"https:\/\/altos-tech.com\/en\/portfolio-item\/fsmt-seccion-mecanica-spinner-fullbore\/\">\n\t\tFSMT \u2013 Fullbore Spinner flowmeter section\t<\/a>\n<\/h5>\n\t\t\t\t\t<\/div>\n\t<\/div>\n<\/article>\n<article class=\"qodef-e qodef-grid-item post-2667 portfolio-item type-portfolio-item status-publish has-post-thumbnail hentry portfolio-category-herramientas-de-produccion\">\n\t<div class=\"qodef-e-inner\" >\n\t\t<div class=\"qodef-e-image\">\n\t\t\t\t<div class=\"qodef-e-media-image\">\n\t\t<a itemprop=\"url\" href=\"https:\/\/altos-tech.com\/en\/portfolio-item\/csmt-seccion-mecanica-spinner-para-tubing\/\">\n\t\t\t<img decoding=\"async\" width=\"1024\" height=\"683\" src=\"https:\/\/altos-tech.com\/wp-content\/uploads\/2025\/07\/CSMT-1.jpg\" class=\"attachment-full size-full wp-post-image\" alt=\"CSMT Secci\u00f3n mec\u00e1nica spinner para tubing\" srcset=\"https:\/\/altos-tech.com\/wp-content\/uploads\/2025\/07\/CSMT-1.jpg 1024w, https:\/\/altos-tech.com\/wp-content\/uploads\/2025\/07\/CSMT-1-300x200.jpg 300w, https:\/\/altos-tech.com\/wp-content\/uploads\/2025\/07\/CSMT-1-768x512.jpg 768w, https:\/\/altos-tech.com\/wp-content\/uploads\/2025\/07\/CSMT-1-200x133.jpg 200w\" sizes=\"(max-width: 1024px) 100vw, 1024px\" \/>\t\t\t\t\t<\/a>\n\t<\/div>\n\t\t<\/div>\n\t\t<div class=\"qodef-e-content\" style=\"background-color: #FFFFFF\">\n\t\t\t\t\t\t\t\t<div class=\"qodef-e-info-category\" style=\"margin: 0px \">\n\t\t<a href=\"https:\/\/altos-tech.com\/en\/portfolio-category\/herramientas-de-produccion\/\" rel=\"tag\">Production Tools<\/a>\t<\/div>\n\t\t\t\t<h5 itemprop=\"name\" class=\"qodef-e-title entry-title\" >\n\t<a itemprop=\"url\" class=\"qodef-e-title-link\" href=\"https:\/\/altos-tech.com\/en\/portfolio-item\/csmt-seccion-mecanica-spinner-para-tubing\/\">\n\t\tCSMT LOGGING TOOL Series Continuous Spinner flowmeter sonde\t<\/a>\n<\/h5>\n\t\t\t\t\t<\/div>\n\t<\/div>\n<\/article>\n<article class=\"qodef-e qodef-grid-item post-2664 portfolio-item type-portfolio-item status-publish has-post-thumbnail hentry portfolio-category-herramientas-de-produccion\">\n\t<div class=\"qodef-e-inner\" >\n\t\t<div class=\"qodef-e-image\">\n\t\t\t\t<div class=\"qodef-e-media-image\">\n\t\t<a itemprop=\"url\" href=\"https:\/\/altos-tech.com\/en\/portfolio-item\/scst-electronica-para-spinner\/\">\n\t\t\t<img decoding=\"async\" width=\"1024\" height=\"683\" src=\"https:\/\/altos-tech.com\/wp-content\/uploads\/2025\/07\/SCST-1.jpg\" class=\"attachment-full size-full wp-post-image\" alt=\"\" srcset=\"https:\/\/altos-tech.com\/wp-content\/uploads\/2025\/07\/SCST-1.jpg 1024w, https:\/\/altos-tech.com\/wp-content\/uploads\/2025\/07\/SCST-1-300x200.jpg 300w, https:\/\/altos-tech.com\/wp-content\/uploads\/2025\/07\/SCST-1-768x512.jpg 768w, https:\/\/altos-tech.com\/wp-content\/uploads\/2025\/07\/SCST-1-200x133.jpg 200w\" sizes=\"(max-width: 1024px) 100vw, 1024px\" \/>\t\t\t\t\t<\/a>\n\t<\/div>\n\t\t<\/div>\n\t\t<div class=\"qodef-e-content\" style=\"background-color: #FFFFFF\">\n\t\t\t\t\t\t\t\t<div class=\"qodef-e-info-category\" style=\"margin: 0px \">\n\t\t<a href=\"https:\/\/altos-tech.com\/en\/portfolio-category\/herramientas-de-produccion\/\" rel=\"tag\">Production Tools<\/a>\t<\/div>\n\t\t\t\t<h5 itemprop=\"name\" class=\"qodef-e-title entry-title\" >\n\t<a itemprop=\"url\" class=\"qodef-e-title-link\" href=\"https:\/\/altos-tech.com\/en\/portfolio-item\/scst-electronica-para-spinner\/\">\n\t\tSCST LOGGING TOOL Series Spinner Electronics Module\t<\/a>\n<\/h5>\n\t\t\t\t\t<\/div>\n\t<\/div>\n<\/article>\n<article class=\"qodef-e qodef-grid-item post-2661 portfolio-item type-portfolio-item status-publish has-post-thumbnail hentry portfolio-category-herramientas-de-produccion\">\n\t<div class=\"qodef-e-inner\" >\n\t\t<div class=\"qodef-e-image\">\n\t\t\t\t<div class=\"qodef-e-media-image\">\n\t\t<a itemprop=\"url\" href=\"https:\/\/altos-tech.com\/en\/portfolio-item\/grst-modulo-de-rayos-gamma-naturales\/\">\n\t\t\t<img loading=\"lazy\" decoding=\"async\" width=\"1024\" height=\"683\" src=\"https:\/\/altos-tech.com\/wp-content\/uploads\/2025\/07\/GRST-1.jpg\" class=\"attachment-full size-full wp-post-image\" alt=\"GRST M\u00f3dulo de rayos gamma naturales\" srcset=\"https:\/\/altos-tech.com\/wp-content\/uploads\/2025\/07\/GRST-1.jpg 1024w, https:\/\/altos-tech.com\/wp-content\/uploads\/2025\/07\/GRST-1-300x200.jpg 300w, https:\/\/altos-tech.com\/wp-content\/uploads\/2025\/07\/GRST-1-768x512.jpg 768w, https:\/\/altos-tech.com\/wp-content\/uploads\/2025\/07\/GRST-1-200x133.jpg 200w\" sizes=\"(max-width: 1024px) 100vw, 1024px\" \/>\t\t\t\t\t<\/a>\n\t<\/div>\n\t\t<\/div>\n\t\t<div class=\"qodef-e-content\" style=\"background-color: #FFFFFF\">\n\t\t\t\t\t\t\t\t<div class=\"qodef-e-info-category\" style=\"margin: 0px \">\n\t\t<a href=\"https:\/\/altos-tech.com\/en\/portfolio-category\/herramientas-de-produccion\/\" rel=\"tag\">Production Tools<\/a>\t<\/div>\n\t\t\t\t<h5 itemprop=\"name\" class=\"qodef-e-title entry-title\" >\n\t<a itemprop=\"url\" class=\"qodef-e-title-link\" href=\"https:\/\/altos-tech.com\/en\/portfolio-item\/grst-modulo-de-rayos-gamma-naturales\/\">\n\t\tGRST LOGGING TOOL Series Natural Gamma Ray module\t<\/a>\n<\/h5>\n\t\t\t\t\t<\/div>\n\t<\/div>\n<\/article>\n<article class=\"qodef-e qodef-grid-item post-2659 portfolio-item type-portfolio-item status-publish has-post-thumbnail hentry portfolio-category-herramientas-de-produccion\">\n\t<div class=\"qodef-e-inner\" >\n\t\t<div class=\"qodef-e-image\">\n\t\t\t\t<div class=\"qodef-e-media-image\">\n\t\t<a itemprop=\"url\" href=\"https:\/\/altos-tech.com\/en\/portfolio-item\/whst-modulo-de-capacitancia\/\">\n\t\t\t<img loading=\"lazy\" decoding=\"async\" width=\"1024\" height=\"683\" src=\"https:\/\/altos-tech.com\/wp-content\/uploads\/2025\/07\/WHST-1.jpg\" class=\"attachment-full size-full wp-post-image\" alt=\"WHST M\u00f3dulo de Capacitancia\" srcset=\"https:\/\/altos-tech.com\/wp-content\/uploads\/2025\/07\/WHST-1.jpg 1024w, https:\/\/altos-tech.com\/wp-content\/uploads\/2025\/07\/WHST-1-300x200.jpg 300w, https:\/\/altos-tech.com\/wp-content\/uploads\/2025\/07\/WHST-1-768x512.jpg 768w, https:\/\/altos-tech.com\/wp-content\/uploads\/2025\/07\/WHST-1-200x133.jpg 200w\" sizes=\"(max-width: 1024px) 100vw, 1024px\" \/>\t\t\t\t\t<\/a>\n\t<\/div>\n\t\t<\/div>\n\t\t<div class=\"qodef-e-content\" style=\"background-color: #FFFFFF\">\n\t\t\t\t\t\t\t\t<div class=\"qodef-e-info-category\" style=\"margin: 0px \">\n\t\t<a href=\"https:\/\/altos-tech.com\/en\/portfolio-category\/herramientas-de-produccion\/\" rel=\"tag\">Production Tools<\/a>\t<\/div>\n\t\t\t\t<h5 itemprop=\"name\" class=\"qodef-e-title entry-title\" >\n\t<a itemprop=\"url\" class=\"qodef-e-title-link\" href=\"https:\/\/altos-tech.com\/en\/portfolio-item\/whst-modulo-de-capacitancia\/\">\n\t\tWHST LOGGING TOOL Series Capacitance Water Hold-Up Tool\t<\/a>\n<\/h5>\n\t\t\t\t\t<\/div>\n\t<\/div>\n<\/article>\n<article class=\"qodef-e qodef-grid-item post-2656 portfolio-item type-portfolio-item status-publish has-post-thumbnail hentry portfolio-category-herramientas-de-produccion\">\n\t<div class=\"qodef-e-inner\" >\n\t\t<div class=\"qodef-e-image\">\n\t\t\t\t<div class=\"qodef-e-media-image\">\n\t\t<a itemprop=\"url\" href=\"https:\/\/altos-tech.com\/en\/portfolio-item\/psst-modulo-de-presion-temperatura-y-ccl\/\">\n\t\t\t<img loading=\"lazy\" decoding=\"async\" width=\"1024\" height=\"683\" src=\"https:\/\/altos-tech.com\/wp-content\/uploads\/2025\/07\/PSST-1.jpg\" class=\"attachment-full size-full wp-post-image\" alt=\"PSST M\u00f3dulo de presi\u00f3n temperatura y CCL\" srcset=\"https:\/\/altos-tech.com\/wp-content\/uploads\/2025\/07\/PSST-1.jpg 1024w, https:\/\/altos-tech.com\/wp-content\/uploads\/2025\/07\/PSST-1-300x200.jpg 300w, https:\/\/altos-tech.com\/wp-content\/uploads\/2025\/07\/PSST-1-768x512.jpg 768w, https:\/\/altos-tech.com\/wp-content\/uploads\/2025\/07\/PSST-1-200x133.jpg 200w\" sizes=\"(max-width: 1024px) 100vw, 1024px\" \/>\t\t\t\t\t<\/a>\n\t<\/div>\n\t\t<\/div>\n\t\t<div class=\"qodef-e-content\" style=\"background-color: #FFFFFF\">\n\t\t\t\t\t\t\t\t<div class=\"qodef-e-info-category\" style=\"margin: 0px \">\n\t\t<a href=\"https:\/\/altos-tech.com\/en\/portfolio-category\/herramientas-de-produccion\/\" rel=\"tag\">Production Tools<\/a>\t<\/div>\n\t\t\t\t<h5 itemprop=\"name\" class=\"qodef-e-title entry-title\" >\n\t<a itemprop=\"url\" class=\"qodef-e-title-link\" href=\"https:\/\/altos-tech.com\/en\/portfolio-item\/psst-modulo-de-presion-temperatura-y-ccl\/\">\n\t\tPSST LOGGING TOOL Series Pressure-Temperature-CCL Module\t<\/a>\n<\/h5>\n\t\t\t\t\t<\/div>\n\t<\/div>\n<\/article>\n<article class=\"qodef-e qodef-grid-item post-2653 portfolio-item type-portfolio-item status-publish has-post-thumbnail hentry portfolio-category-herramientas-de-produccion\">\n\t<div class=\"qodef-e-inner\" >\n\t\t<div class=\"qodef-e-image\">\n\t\t\t\t<div class=\"qodef-e-media-image\">\n\t\t<a itemprop=\"url\" href=\"https:\/\/altos-tech.com\/en\/portfolio-item\/bmst-modulo-de-bateria-y-memoria\/\">\n\t\t\t<img loading=\"lazy\" decoding=\"async\" width=\"1024\" height=\"683\" src=\"https:\/\/altos-tech.com\/wp-content\/uploads\/2025\/07\/BMST-1.jpg\" class=\"attachment-full size-full wp-post-image\" alt=\"BMST M\u00f3dulo de Bater\u00eda y memoria\" srcset=\"https:\/\/altos-tech.com\/wp-content\/uploads\/2025\/07\/BMST-1.jpg 1024w, https:\/\/altos-tech.com\/wp-content\/uploads\/2025\/07\/BMST-1-300x200.jpg 300w, https:\/\/altos-tech.com\/wp-content\/uploads\/2025\/07\/BMST-1-768x512.jpg 768w, https:\/\/altos-tech.com\/wp-content\/uploads\/2025\/07\/BMST-1-200x133.jpg 200w\" sizes=\"(max-width: 1024px) 100vw, 1024px\" \/>\t\t\t\t\t<\/a>\n\t<\/div>\n\t\t<\/div>\n\t\t<div class=\"qodef-e-content\" style=\"background-color: #FFFFFF\">\n\t\t\t\t\t\t\t\t<div class=\"qodef-e-info-category\" style=\"margin: 0px \">\n\t\t<a href=\"https:\/\/altos-tech.com\/en\/portfolio-category\/herramientas-de-produccion\/\" rel=\"tag\">Production Tools<\/a>\t<\/div>\n\t\t\t\t<h5 itemprop=\"name\" class=\"qodef-e-title entry-title\" >\n\t<a itemprop=\"url\" class=\"qodef-e-title-link\" href=\"https:\/\/altos-tech.com\/en\/portfolio-item\/bmst-modulo-de-bateria-y-memoria\/\">\n\t\tBMST-B Battery Memory Survey Tool\t<\/a>\n<\/h5>\n\t\t\t\t\t<\/div>\n\t<\/div>\n<\/article>\n<article class=\"qodef-e qodef-grid-item post-2650 portfolio-item type-portfolio-item status-publish has-post-thumbnail hentry portfolio-category-herramientas-de-produccion\">\n\t<div class=\"qodef-e-inner\" >\n\t\t<div class=\"qodef-e-image\">\n\t\t\t\t<div class=\"qodef-e-media-image\">\n\t\t<a itemprop=\"url\" href=\"https:\/\/altos-tech.com\/en\/portfolio-item\/tcst-modulo-de-telemetria\/\">\n\t\t\t<img loading=\"lazy\" decoding=\"async\" width=\"1024\" height=\"683\" src=\"https:\/\/altos-tech.com\/wp-content\/uploads\/2025\/07\/SCST.jpg\" class=\"attachment-full size-full wp-post-image\" alt=\"TCST M\u00f3dulo de telemetr\u00eda\" srcset=\"https:\/\/altos-tech.com\/wp-content\/uploads\/2025\/07\/SCST.jpg 1024w, https:\/\/altos-tech.com\/wp-content\/uploads\/2025\/07\/SCST-300x200.jpg 300w, https:\/\/altos-tech.com\/wp-content\/uploads\/2025\/07\/SCST-768x512.jpg 768w, https:\/\/altos-tech.com\/wp-content\/uploads\/2025\/07\/SCST-200x133.jpg 200w\" sizes=\"(max-width: 1024px) 100vw, 1024px\" \/>\t\t\t\t\t<\/a>\n\t<\/div>\n\t\t<\/div>\n\t\t<div class=\"qodef-e-content\" style=\"background-color: #FFFFFF\">\n\t\t\t\t\t\t\t\t<div class=\"qodef-e-info-category\" style=\"margin: 0px \">\n\t\t<a href=\"https:\/\/altos-tech.com\/en\/portfolio-category\/herramientas-de-produccion\/\" rel=\"tag\">Production Tools<\/a>\t<\/div>\n\t\t\t\t<h5 itemprop=\"name\" class=\"qodef-e-title entry-title\" >\n\t<a itemprop=\"url\" class=\"qodef-e-title-link\" href=\"https:\/\/altos-tech.com\/en\/portfolio-item\/tcst-modulo-de-telemetria\/\">\n\t\tTCST Cable Telemetry Cartridge\t<\/a>\n<\/h5>\n\t\t\t\t\t<\/div>\n\t<\/div>\n<\/article>\n\t<\/div>\n\t<\/div>\n\t\t\t\t<\/div>\n\t\t\t\t<\/div>\n\t\t\t\t\t<\/div>\n\t\t<\/div>\n\t\t\t\t\t<\/div>\n\t\t<\/section>\n\t\t\t\t<\/div>","protected":false},"excerpt":{"rendered":"<p>Herramientas de Produccci\u00f3n FSMT Secci\u00f3n mec\u00e1nica Spinner Fullbore Herramientas de Produccci\u00f3n CSMT Secci\u00f3n mec\u00e1nica spinner para tubing Herramientas de Produccci\u00f3n SCST electr\u00f3nica para spinner Herramientas de Produccci\u00f3n GRST M\u00f3dulo de rayos gamma naturales Herramientas de Produccci\u00f3n WHST M\u00f3dulo de Capacitancia Herramientas de Produccci\u00f3n PSST M\u00f3dulo de presi\u00f3n temperatura y CCL Herramientas de Produccci\u00f3n BMST M\u00f3dulo [&hellip;]<\/p>\n","protected":false},"author":1,"featured_media":0,"parent":0,"menu_order":0,"comment_status":"closed","ping_status":"closed","template":"qi-full-width.php","meta":{"_vp_format_video_url":"","_vp_image_focal_point":[],"footnotes":""},"class_list":["post-2715","page","type-page","status-publish","hentry"],"_links":{"self":[{"href":"https:\/\/altos-tech.com\/en\/wp-json\/wp\/v2\/pages\/2715","targetHints":{"allow":["GET"]}}],"collection":[{"href":"https:\/\/altos-tech.com\/en\/wp-json\/wp\/v2\/pages"}],"about":[{"href":"https:\/\/altos-tech.com\/en\/wp-json\/wp\/v2\/types\/page"}],"author":[{"embeddable":true,"href":"https:\/\/altos-tech.com\/en\/wp-json\/wp\/v2\/users\/1"}],"replies":[{"embeddable":true,"href":"https:\/\/altos-tech.com\/en\/wp-json\/wp\/v2\/comments?post=2715"}],"version-history":[{"count":13,"href":"https:\/\/altos-tech.com\/en\/wp-json\/wp\/v2\/pages\/2715\/revisions"}],"predecessor-version":[{"id":2883,"href":"https:\/\/altos-tech.com\/en\/wp-json\/wp\/v2\/pages\/2715\/revisions\/2883"}],"wp:attachment":[{"href":"https:\/\/altos-tech.com\/en\/wp-json\/wp\/v2\/media?parent=2715"}],"curies":[{"name":"wp","href":"https:\/\/api.w.org\/{rel}","templated":true}]}}