{"id":2716,"date":"2025-07-07T00:39:12","date_gmt":"2025-07-07T00:39:12","guid":{"rendered":"https:\/\/altos-tech.com\/?page_id=2716"},"modified":"2025-09-03T18:50:10","modified_gmt":"2025-09-03T18:50:10","slug":"registradores-con-memoria","status":"publish","type":"page","link":"https:\/\/altos-tech.com\/en\/registradores-con-memoria\/","title":{"rendered":"Gauges"},"content":{"rendered":"<div data-elementor-type=\"wp-page\" data-elementor-id=\"2716\" class=\"elementor elementor-2716\">\n\t\t\t\t\t\t<section class=\"elementor-section elementor-top-section elementor-element elementor-element-11b7deb elementor-section-full_width elementor-section-height-default elementor-section-height-default qodef-elementor-content-no\" data-id=\"11b7deb\" data-element_type=\"section\" data-e-type=\"section\">\n\t\t\t\t\t\t<div class=\"elementor-container elementor-column-gap-no\">\n\t\t\t\t\t<div class=\"elementor-column elementor-col-100 elementor-top-column elementor-element elementor-element-4b627de3\" data-id=\"4b627de3\" data-element_type=\"column\" data-e-type=\"column\">\n\t\t\t<div class=\"elementor-widget-wrap elementor-element-populated\">\n\t\t\t\t\t\t<div class=\"elementor-element elementor-element-34a09b45 elementor-widget elementor-widget-qode_essential_addons_portfolio_list\" data-id=\"34a09b45\" data-element_type=\"widget\" data-e-type=\"widget\" data-widget_type=\"qode_essential_addons_portfolio_list.default\">\n\t\t\t\t<div class=\"elementor-widget-container\">\n\t\t\t\t\t<div class=\"qodef-shortcode qodef-m  qodef-portfolio-list qodef-item-layout--info-below qodef-alignment--centered qodef-content-has-background-color   qodef-grid qodef-layout--masonry  qodef-gutter--normal qodef-col-num--2  qodef-item-layout--info-below qodef-responsive--predefined\"  >\n\t<div class=\"qodef-grid-inner\">\n\t\t\t<div class=\"qodef-grid-masonry-sizer\"><\/div>\n<article class=\"qodef-e qodef-grid-item post-3470 portfolio-item type-portfolio-item status-publish has-post-thumbnail hentry portfolio-category-registradores-con-memoria\">\n\t<div class=\"qodef-e-inner\" >\n\t\t<div class=\"qodef-e-image\">\n\t\t\t\t<div class=\"qodef-e-media-image\">\n\t\t<a itemprop=\"url\" href=\"https:\/\/altos-tech.com\/en\/portfolio-item\/ezquartz-series-registrador-de-presion-con-memoria\/\">\n\t\t\t<img fetchpriority=\"high\" decoding=\"async\" width=\"1024\" height=\"683\" src=\"https:\/\/altos-tech.com\/wp-content\/uploads\/2025\/07\/Quartz_ISO_B.jpg\" class=\"attachment-full size-full wp-post-image\" alt=\"EZQuartz Series (Registrador de presi\u00f3n con memoria)\" srcset=\"https:\/\/altos-tech.com\/wp-content\/uploads\/2025\/07\/Quartz_ISO_B.jpg 1024w, https:\/\/altos-tech.com\/wp-content\/uploads\/2025\/07\/Quartz_ISO_B-300x200.jpg 300w, https:\/\/altos-tech.com\/wp-content\/uploads\/2025\/07\/Quartz_ISO_B-768x512.jpg 768w, https:\/\/altos-tech.com\/wp-content\/uploads\/2025\/07\/Quartz_ISO_B-200x133.jpg 200w, https:\/\/altos-tech.com\/wp-content\/uploads\/2025\/07\/Quartz_ISO_B-500x333.jpg 500w, https:\/\/altos-tech.com\/wp-content\/uploads\/2025\/07\/Quartz_ISO_B-800x534.jpg 800w\" sizes=\"(max-width: 1024px) 100vw, 1024px\" \/>\t\t\t\t\t<\/a>\n\t<\/div>\n\t\t<\/div>\n\t\t<div class=\"qodef-e-content\" style=\"background-color: #FFFFFF\">\n\t\t\t\t\t\t\t\t<div class=\"qodef-e-info-category\" style=\"margin: 0px \">\n\t\t<a href=\"https:\/\/altos-tech.com\/en\/portfolio-category\/registradores-con-memoria\/\" rel=\"tag\">Gauges<\/a>\t<\/div>\n\t\t\t\t<h5 itemprop=\"name\" class=\"qodef-e-title entry-title\" >\n\t<a itemprop=\"url\" class=\"qodef-e-title-link\" href=\"https:\/\/altos-tech.com\/en\/portfolio-item\/ezquartz-series-registrador-de-presion-con-memoria\/\">\n\t\tEZQuartz Series (Quartz Pressure-Temperature)\t<\/a>\n<\/h5>\n\t\t\t\t\t<\/div>\n\t<\/div>\n<\/article>\n<article class=\"qodef-e qodef-grid-item post-3468 portfolio-item type-portfolio-item status-publish has-post-thumbnail hentry portfolio-category-registradores-con-memoria\">\n\t<div class=\"qodef-e-inner\" >\n\t\t<div class=\"qodef-e-image\">\n\t\t\t\t<div class=\"qodef-e-media-image\">\n\t\t<a itemprop=\"url\" href=\"https:\/\/altos-tech.com\/en\/portfolio-item\/eztemp-registrador-de-temperatura\/\">\n\t\t\t<img decoding=\"async\" width=\"1024\" height=\"683\" src=\"https:\/\/altos-tech.com\/wp-content\/uploads\/2025\/07\/Sensor-de-temperatura-con-memoria-de-respuesta-rapida.jpg\" class=\"attachment-full size-full wp-post-image\" alt=\"Sensor de temperatura con memoria de respuesta r\u00e1pida Este medidor de memoria de alta sensibilidad proporciona mediciones de temperatura. Esto permite un diagn\u00f3stico preciso de los sistemas de gas, la integridad del pozo, la r\u00e1pida identificaci\u00f3n de v\u00e1lvulas defectuosas y el flujo de entrada y salida sin interrumpir la producci\u00f3n.\" srcset=\"https:\/\/altos-tech.com\/wp-content\/uploads\/2025\/07\/Sensor-de-temperatura-con-memoria-de-respuesta-rapida.jpg 1024w, https:\/\/altos-tech.com\/wp-content\/uploads\/2025\/07\/Sensor-de-temperatura-con-memoria-de-respuesta-rapida-300x200.jpg 300w, https:\/\/altos-tech.com\/wp-content\/uploads\/2025\/07\/Sensor-de-temperatura-con-memoria-de-respuesta-rapida-768x512.jpg 768w, https:\/\/altos-tech.com\/wp-content\/uploads\/2025\/07\/Sensor-de-temperatura-con-memoria-de-respuesta-rapida-200x133.jpg 200w, https:\/\/altos-tech.com\/wp-content\/uploads\/2025\/07\/Sensor-de-temperatura-con-memoria-de-respuesta-rapida-500x333.jpg 500w, https:\/\/altos-tech.com\/wp-content\/uploads\/2025\/07\/Sensor-de-temperatura-con-memoria-de-respuesta-rapida-800x534.jpg 800w\" sizes=\"(max-width: 1024px) 100vw, 1024px\" \/>\t\t\t\t\t<\/a>\n\t<\/div>\n\t\t<\/div>\n\t\t<div class=\"qodef-e-content\" style=\"background-color: #FFFFFF\">\n\t\t\t\t\t\t\t\t<div class=\"qodef-e-info-category\" style=\"margin: 0px \">\n\t\t<a href=\"https:\/\/altos-tech.com\/en\/portfolio-category\/registradores-con-memoria\/\" rel=\"tag\">Gauges<\/a>\t<\/div>\n\t\t\t\t<h5 itemprop=\"name\" class=\"qodef-e-title entry-title\" >\n\t<a itemprop=\"url\" class=\"qodef-e-title-link\" href=\"https:\/\/altos-tech.com\/en\/portfolio-item\/eztemp-registrador-de-temperatura\/\">\n\t\tEZTemp Fast response Temperature sensor memory\t<\/a>\n<\/h5>\n\t\t\t\t\t<\/div>\n\t<\/div>\n<\/article>\n<article class=\"qodef-e qodef-grid-item post-3466 portfolio-item type-portfolio-item status-publish has-post-thumbnail hentry portfolio-category-registradores-con-memoria\">\n\t<div class=\"qodef-e-inner\" >\n\t\t<div class=\"qodef-e-image\">\n\t\t\t\t<div class=\"qodef-e-media-image\">\n\t\t<a itemprop=\"url\" href=\"https:\/\/altos-tech.com\/en\/portfolio-item\/ezvalve-1-5%e2%80%b3-memory-valvula\/\">\n\t\t\t<img decoding=\"async\" width=\"1024\" height=\"683\" src=\"https:\/\/altos-tech.com\/wp-content\/uploads\/2025\/07\/Valvula-de-Gas-Lift-Ciega-de-1.5-con-Registrador-de-Presion-Temperatura.jpg\" class=\"attachment-full size-full wp-post-image\" alt=\"V\u00e1lvula de Gas Lift Ciega de 1.5&quot; con Registrador de Presi\u00f3n-Temperatura. Utiliza empaquetaduras y latch superior estandar para mayor simplicidad y seguridad de las operaciones.\" srcset=\"https:\/\/altos-tech.com\/wp-content\/uploads\/2025\/07\/Valvula-de-Gas-Lift-Ciega-de-1.5-con-Registrador-de-Presion-Temperatura.jpg 1024w, https:\/\/altos-tech.com\/wp-content\/uploads\/2025\/07\/Valvula-de-Gas-Lift-Ciega-de-1.5-con-Registrador-de-Presion-Temperatura-300x200.jpg 300w, https:\/\/altos-tech.com\/wp-content\/uploads\/2025\/07\/Valvula-de-Gas-Lift-Ciega-de-1.5-con-Registrador-de-Presion-Temperatura-768x512.jpg 768w, https:\/\/altos-tech.com\/wp-content\/uploads\/2025\/07\/Valvula-de-Gas-Lift-Ciega-de-1.5-con-Registrador-de-Presion-Temperatura-200x133.jpg 200w, https:\/\/altos-tech.com\/wp-content\/uploads\/2025\/07\/Valvula-de-Gas-Lift-Ciega-de-1.5-con-Registrador-de-Presion-Temperatura-500x333.jpg 500w, https:\/\/altos-tech.com\/wp-content\/uploads\/2025\/07\/Valvula-de-Gas-Lift-Ciega-de-1.5-con-Registrador-de-Presion-Temperatura-800x534.jpg 800w\" sizes=\"(max-width: 1024px) 100vw, 1024px\" \/>\t\t\t\t\t<\/a>\n\t<\/div>\n\t\t<\/div>\n\t\t<div class=\"qodef-e-content\" style=\"background-color: #FFFFFF\">\n\t\t\t\t\t\t\t\t<div class=\"qodef-e-info-category\" style=\"margin: 0px \">\n\t\t<a href=\"https:\/\/altos-tech.com\/en\/portfolio-category\/registradores-con-memoria\/\" rel=\"tag\">Gauges<\/a>\t<\/div>\n\t\t\t\t<h5 itemprop=\"name\" class=\"qodef-e-title entry-title\" >\n\t<a itemprop=\"url\" class=\"qodef-e-title-link\" href=\"https:\/\/altos-tech.com\/en\/portfolio-item\/ezvalve-1-5%e2%80%b3-memory-valvula\/\">\n\t\tEZValve 1.5\u2033 Gas lift valve Memory gauge\t<\/a>\n<\/h5>\n\t\t\t\t\t<\/div>\n\t<\/div>\n<\/article>\n<article class=\"qodef-e qodef-grid-item post-2682 portfolio-item type-portfolio-item status-publish has-post-thumbnail hentry portfolio-category-registradores-con-memoria\">\n\t<div class=\"qodef-e-inner\" >\n\t\t<div class=\"qodef-e-image\">\n\t\t\t\t<div class=\"qodef-e-media-image\">\n\t\t<a itemprop=\"url\" href=\"https:\/\/altos-tech.com\/en\/portfolio-item\/ezvalve-1%e2%80%b3-memory-valvula\/\">\n\t\t\t<img loading=\"lazy\" decoding=\"async\" width=\"1024\" height=\"683\" src=\"https:\/\/altos-tech.com\/wp-content\/uploads\/2025\/07\/Memory-valvula-una-pulgada.jpg\" class=\"attachment-full size-full wp-post-image\" alt=\"Memory valvula una pulgada\" srcset=\"https:\/\/altos-tech.com\/wp-content\/uploads\/2025\/07\/Memory-valvula-una-pulgada.jpg 1024w, https:\/\/altos-tech.com\/wp-content\/uploads\/2025\/07\/Memory-valvula-una-pulgada-300x200.jpg 300w, https:\/\/altos-tech.com\/wp-content\/uploads\/2025\/07\/Memory-valvula-una-pulgada-768x512.jpg 768w, https:\/\/altos-tech.com\/wp-content\/uploads\/2025\/07\/Memory-valvula-una-pulgada-200x133.jpg 200w\" sizes=\"(max-width: 1024px) 100vw, 1024px\" \/>\t\t\t\t\t<\/a>\n\t<\/div>\n\t\t<\/div>\n\t\t<div class=\"qodef-e-content\" style=\"background-color: #FFFFFF\">\n\t\t\t\t\t\t\t\t<div class=\"qodef-e-info-category\" style=\"margin: 0px \">\n\t\t<a href=\"https:\/\/altos-tech.com\/en\/portfolio-category\/registradores-con-memoria\/\" rel=\"tag\">Gauges<\/a>\t<\/div>\n\t\t\t\t<h5 itemprop=\"name\" class=\"qodef-e-title entry-title\" >\n\t<a itemprop=\"url\" class=\"qodef-e-title-link\" href=\"https:\/\/altos-tech.com\/en\/portfolio-item\/ezvalve-1%e2%80%b3-memory-valvula\/\">\n\t\tEZValve 1\u2033 Gas Lift dummy valve Gauge\t<\/a>\n<\/h5>\n\t\t\t\t\t<\/div>\n\t<\/div>\n<\/article>\n<article class=\"qodef-e qodef-grid-item post-2679 portfolio-item type-portfolio-item status-publish has-post-thumbnail hentry portfolio-category-registradores-con-memoria\">\n\t<div class=\"qodef-e-inner\" >\n\t\t<div class=\"qodef-e-image\">\n\t\t\t\t<div class=\"qodef-e-media-image\">\n\t\t<a itemprop=\"url\" href=\"https:\/\/altos-tech.com\/en\/portfolio-item\/ezgauge-mm-registrador-de-presion-con-sellos-metalicos\/\">\n\t\t\t<img loading=\"lazy\" decoding=\"async\" width=\"1024\" height=\"683\" src=\"https:\/\/altos-tech.com\/wp-content\/uploads\/2025\/07\/EZGauge-MM-1.jpg\" class=\"attachment-full size-full wp-post-image\" alt=\"EZGauge MM Registrador de Presi\u00f3n con sellos met\u00e1licos\" srcset=\"https:\/\/altos-tech.com\/wp-content\/uploads\/2025\/07\/EZGauge-MM-1.jpg 1024w, https:\/\/altos-tech.com\/wp-content\/uploads\/2025\/07\/EZGauge-MM-1-300x200.jpg 300w, https:\/\/altos-tech.com\/wp-content\/uploads\/2025\/07\/EZGauge-MM-1-768x512.jpg 768w, https:\/\/altos-tech.com\/wp-content\/uploads\/2025\/07\/EZGauge-MM-1-200x133.jpg 200w\" sizes=\"(max-width: 1024px) 100vw, 1024px\" \/>\t\t\t\t\t<\/a>\n\t<\/div>\n\t\t<\/div>\n\t\t<div class=\"qodef-e-content\" style=\"background-color: #FFFFFF\">\n\t\t\t\t\t\t\t\t<div class=\"qodef-e-info-category\" style=\"margin: 0px \">\n\t\t<a href=\"https:\/\/altos-tech.com\/en\/portfolio-category\/registradores-con-memoria\/\" rel=\"tag\">Gauges<\/a>\t<\/div>\n\t\t\t\t<h5 itemprop=\"name\" class=\"qodef-e-title entry-title\" >\n\t<a itemprop=\"url\" class=\"qodef-e-title-link\" href=\"https:\/\/altos-tech.com\/en\/portfolio-item\/ezgauge-mm-registrador-de-presion-con-sellos-metalicos\/\">\n\t\tEZGauge MM Pressure and Temperature with Metal-Metal Seals\t<\/a>\n<\/h5>\n\t\t\t\t\t<\/div>\n\t<\/div>\n<\/article>\n<article class=\"qodef-e qodef-grid-item post-2675 portfolio-item type-portfolio-item status-publish has-post-thumbnail hentry portfolio-category-registradores-con-memoria portfolio-tag-idea portfolio-tag-innovation portfolio-tag-vision\">\n\t<div class=\"qodef-e-inner\" >\n\t\t<div class=\"qodef-e-image\">\n\t\t\t\t<div class=\"qodef-e-media-image\">\n\t\t<a itemprop=\"url\" href=\"https:\/\/altos-tech.com\/en\/portfolio-item\/ezgauge-registrador-de-presion-y-temperatura\/\">\n\t\t\t<img loading=\"lazy\" decoding=\"async\" width=\"1024\" height=\"683\" src=\"https:\/\/altos-tech.com\/wp-content\/uploads\/2025\/07\/EZGauge-1.jpg\" class=\"attachment-full size-full wp-post-image\" alt=\"EZGauge Registrador de presi\u00f3n y temperatura\" srcset=\"https:\/\/altos-tech.com\/wp-content\/uploads\/2025\/07\/EZGauge-1.jpg 1024w, https:\/\/altos-tech.com\/wp-content\/uploads\/2025\/07\/EZGauge-1-300x200.jpg 300w, https:\/\/altos-tech.com\/wp-content\/uploads\/2025\/07\/EZGauge-1-768x512.jpg 768w, https:\/\/altos-tech.com\/wp-content\/uploads\/2025\/07\/EZGauge-1-200x133.jpg 200w\" sizes=\"(max-width: 1024px) 100vw, 1024px\" \/>\t\t\t\t\t<\/a>\n\t<\/div>\n\t\t<\/div>\n\t\t<div class=\"qodef-e-content\" style=\"background-color: #FFFFFF\">\n\t\t\t\t\t\t\t\t<div class=\"qodef-e-info-category\" style=\"margin: 0px \">\n\t\t<a href=\"https:\/\/altos-tech.com\/en\/portfolio-category\/registradores-con-memoria\/\" rel=\"tag\">Gauges<\/a>\t<\/div>\n\t\t\t\t<h5 itemprop=\"name\" class=\"qodef-e-title entry-title\" >\n\t<a itemprop=\"url\" class=\"qodef-e-title-link\" href=\"https:\/\/altos-tech.com\/en\/portfolio-item\/ezgauge-registrador-de-presion-y-temperatura\/\">\n\t\tEZGauge Series (Pressure-Temperature Miniature Gauge)\t<\/a>\n<\/h5>\n\t\t\t\t\t<\/div>\n\t<\/div>\n<\/article>\n\t<\/div>\n\t<\/div>\n\t\t\t\t<\/div>\n\t\t\t\t<\/div>\n\t\t\t\t\t<\/div>\n\t\t<\/div>\n\t\t\t\t\t<\/div>\n\t\t<\/section>\n\t\t\t\t<\/div>","protected":false},"excerpt":{"rendered":"<p>Registradores con Memoria EZGauge MM Registrador de Presi\u00f3n con sellos met\u00e1licos Registradores con Memoria EZGauge Registrador de presi\u00f3n y temperatura<\/p>","protected":false},"author":1,"featured_media":0,"parent":0,"menu_order":0,"comment_status":"closed","ping_status":"closed","template":"qi-full-width.php","meta":{"_vp_format_video_url":"","_vp_image_focal_point":[],"footnotes":""},"class_list":["post-2716","page","type-page","status-publish","hentry"],"_links":{"self":[{"href":"https:\/\/altos-tech.com\/en\/wp-json\/wp\/v2\/pages\/2716","targetHints":{"allow":["GET"]}}],"collection":[{"href":"https:\/\/altos-tech.com\/en\/wp-json\/wp\/v2\/pages"}],"about":[{"href":"https:\/\/altos-tech.com\/en\/wp-json\/wp\/v2\/types\/page"}],"author":[{"embeddable":true,"href":"https:\/\/altos-tech.com\/en\/wp-json\/wp\/v2\/users\/1"}],"replies":[{"embeddable":true,"href":"https:\/\/altos-tech.com\/en\/wp-json\/wp\/v2\/comments?post=2716"}],"version-history":[{"count":10,"href":"https:\/\/altos-tech.com\/en\/wp-json\/wp\/v2\/pages\/2716\/revisions"}],"predecessor-version":[{"id":2892,"href":"https:\/\/altos-tech.com\/en\/wp-json\/wp\/v2\/pages\/2716\/revisions\/2892"}],"wp:attachment":[{"href":"https:\/\/altos-tech.com\/en\/wp-json\/wp\/v2\/media?parent=2716"}],"curies":[{"name":"wp","href":"https:\/\/api.w.org\/{rel}","templated":true}]}}