{"id":374,"date":"2020-10-13T19:32:39","date_gmt":"2020-10-13T19:32:39","guid":{"rendered":"https:\/\/qi30.qodeinteractive.com\/?page_id=374"},"modified":"2025-08-04T18:56:23","modified_gmt":"2025-08-04T18:56:23","slug":"nosotros","status":"publish","type":"page","link":"https:\/\/altos-tech.com\/en\/nosotros\/","title":{"rendered":"About Us"},"content":{"rendered":"<div data-elementor-type=\"wp-page\" data-elementor-id=\"374\" class=\"elementor elementor-374\">\n\t\t\t\t\t\t<section class=\"elementor-section elementor-top-section elementor-element elementor-element-79fd964b elementor-section-full_width qodef-elementor-content-grid elementor-section-height-default elementor-section-height-default\" data-id=\"79fd964b\" data-element_type=\"section\" data-e-type=\"section\">\n\t\t\t\t\t\t<div class=\"elementor-container elementor-column-gap-no\">\n\t\t\t\t\t<div class=\"elementor-column elementor-col-50 elementor-top-column elementor-element elementor-element-e2a9e51\" data-id=\"e2a9e51\" data-element_type=\"column\" data-e-type=\"column\">\n\t\t\t<div class=\"elementor-widget-wrap elementor-element-populated\">\n\t\t\t\t\t\t<div class=\"elementor-element elementor-element-2dd8cf9 elementor-widget elementor-widget-qi_addons_for_elementor_section_title\" data-id=\"2dd8cf9\" data-element_type=\"widget\" data-e-type=\"widget\" data-widget_type=\"qi_addons_for_elementor_section_title.default\">\n\t\t\t\t<div class=\"elementor-widget-container\">\n\t\t\t\t\t<div class=\"qodef-shortcode qodef-m qodef-qi-section-title qodef-decoration--italic qodef-link--underline-draw qodef-subtitle-icon--left\">\n\t\t\t\t<h5 class=\"qodef-m-subtitle\">\n\t\tWe are Altos Technologies\t\t\t<\/h5>\n\t\t\t<h1 class=\"qodef-m-title\">\n\t\tPrecision technology for oilfield industry\t<\/h1>\n\t\t\t<div class=\"qodef-m-text\"><p>At Altos Technologies, we specialize in the design and manufacture of comprehensive solutions for cased-hole logging. Our product line includes advanced downhole measurement tools, high-precision gyroscopes for trajectory and heading determination, and complete data acquisition and analysis systems.<\/p><p>\u00a0<\/p><p>We offer a complete solution that integrates downhole tools, surface panels, and proprietary software, allowing our clients to provide logging services with the highest standards of quality and reliability.<\/p><p>\u00a0<\/p><p>In addition, we develop pressure and temperature memory gauges designed for slickline or drill string operations, ensuring robust performance under demanding conditions.<\/p><\/div>\n\t\t<div class=\"qodef-m-button qodef-qi-clear\">\n\t\t<a class=\"qodef-shortcode qodef-m qodef-qi-button qodef-html--link qodef-layout--textual qodef-type--standard qodef-icon--right qodef-hover--icon-move-horizontal-short qodef-text-underline qodef-underline--left\" href=\"https:\/\/altos-tech.com\/en\/contact\/\" target=\"_self\">\t<span class=\"qodef-m-text\">Contact us at<\/span>\t\t<span class=\"qodef-m-icon\">\t\t<span class=\"qodef-m-icon-inner\">\t\t\t<svg xmlns=\"http:\/\/www.w3.org\/2000\/svg\" xmlns:xlink=\"http:\/\/www.w3.org\/1999\/xlink\" viewbox=\"0 0 13 15\" style=\"enable-background:new 0 0 13 15; stroke: transparent;\" xml:space=\"preserve\"><g><path d=\"M3.5,13.5l5-5l-5-5c-0.4-0.4-0.4-0.8,0-1.2s0.8-0.4,1.2,0l5.6,5.6c0.2,0.1,0.3,0.3,0.3,0.6c0,0.3-0.1,0.5-0.3,0.6l-5.6,5.6c-0.4,0.4-0.8,0.4-1.2,0C3.1,14.3,3.1,13.9,3.5,13.5z\"><\/path><\/g><\/svg>\t\t\t\t\t<\/span>\t<\/span><\/a>\t<\/div>\n<\/div>\n\t\t\t\t<\/div>\n\t\t\t\t<\/div>\n\t\t\t\t\t<\/div>\n\t\t<\/div>\n\t\t\t\t<div class=\"elementor-column elementor-col-50 elementor-top-column elementor-element elementor-element-3a309984\" data-id=\"3a309984\" data-element_type=\"column\" data-e-type=\"column\">\n\t\t\t<div class=\"elementor-widget-wrap elementor-element-populated\">\n\t\t\t\t\t\t<div class=\"elementor-element elementor-element-63c4a8b premium-adv-carousel__vertical premium-adv-carousel__infinite elementor-widget elementor-widget-premium-media-wheel\" data-id=\"63c4a8b\" data-element_type=\"widget\" data-e-type=\"widget\" data-widget_type=\"premium-media-wheel.default\">\n\t\t\t\t<div class=\"elementor-widget-container\">\n\t\t\t\t\t\t\t<div class=\"premium-adv-carousel-no-lightbox premium-adv-carousel__container\" data-settings=\"{&quot;type&quot;:&quot;infinite&quot;,&quot;scroll&quot;:false,&quot;speed&quot;:50,&quot;pauseOnHover&quot;:false,&quot;dir&quot;:&quot;vertical&quot;,&quot;reverse&quot;:&quot;reverse&quot;,&quot;renderEvent&quot;:&quot;scroll&quot;}\">\r\n\r\n\t\t\t<div style=\"visibility:hidden;\" class=\"premium-adv-carousel__inner-container\">\r\n\r\n\t\t\t\t<div class=\"premium-adv-carousel__items\">\r\n\r\n\t\t\t\t\t\t\t\t<div class=\"premium-adv-carousel__item-outer-wrapper\">\r\n\t\t\t\t<div class=\"elementor-repeater-item-2d6ca13 premium-adv-carousel__item premium-adv-carousel__item-image\">\r\n\t\t\t\t\t<div class=\"premium-adv-carousel__media-wrap\">\r\n\t\t\t\t\t\t\t\t\t\t\t\t\t\t<img decoding=\"async\" src=\"https:\/\/altos-tech.com\/wp-content\/uploads\/2025\/06\/@UnSizDY9kSltTx0.jpg\" alt=\"@UnSizDY9kSltTx0\" class=\"premium-adv-carousel__item-img\">\r\n\t\t\t\t\t\t\t\t\t\t\t\t<\/div>\r\n\r\n\t\t\t\t\t\r\n\t\t\t\t\t\t\t\t\t<\/div>\r\n\t\t\t<\/div>\r\n\t\t\t\t\t\t<div class=\"premium-adv-carousel__item-outer-wrapper\">\r\n\t\t\t\t<div class=\"elementor-repeater-item-93f59ea premium-adv-carousel__item premium-adv-carousel__item-image\">\r\n\t\t\t\t\t<div class=\"premium-adv-carousel__media-wrap\">\r\n\t\t\t\t\t\t\t\t\t\t\t\t\t\t<img decoding=\"async\" src=\"https:\/\/altos-tech.com\/wp-content\/uploads\/2025\/07\/about-3.jpg\" alt=\"about-3\" class=\"premium-adv-carousel__item-img\">\r\n\t\t\t\t\t\t\t\t\t\t\t\t<\/div>\r\n\r\n\t\t\t\t\t\r\n\t\t\t\t\t\t\t\t\t<\/div>\r\n\t\t\t<\/div>\r\n\t\t\t\t\t\t<div class=\"premium-adv-carousel__item-outer-wrapper\">\r\n\t\t\t\t<div class=\"elementor-repeater-item-e1031eb premium-adv-carousel__item premium-adv-carousel__item-image\">\r\n\t\t\t\t\t<div class=\"premium-adv-carousel__media-wrap\">\r\n\t\t\t\t\t\t\t\t\t\t\t\t\t\t<img decoding=\"async\" src=\"https:\/\/altos-tech.com\/wp-content\/uploads\/2025\/07\/about-4.jpg\" alt=\"about-4\" class=\"premium-adv-carousel__item-img\">\r\n\t\t\t\t\t\t\t\t\t\t\t\t<\/div>\r\n\r\n\t\t\t\t\t\r\n\t\t\t\t\t\t\t\t\t<\/div>\r\n\t\t\t<\/div>\r\n\t\t\t\t\t\t\t<\/div>\r\n\t\t\t<\/div>\r\n\t\t<\/div>\r\n\t\t\t\t\t\t<\/div>\n\t\t\t\t<\/div>\n\t\t\t\t\t<\/div>\n\t\t<\/div>\n\t\t\t\t\t<\/div>\n\t\t<\/section>\n\t\t\t\t<section class=\"elementor-section elementor-top-section elementor-element elementor-element-46709fa elementor-section-full_width elementor-section-height-default elementor-section-height-default qodef-elementor-content-no\" data-id=\"46709fa\" data-element_type=\"section\" data-e-type=\"section\" data-settings=\"{&quot;background_background&quot;:&quot;classic&quot;}\">\n\t\t\t\t\t\t<div class=\"elementor-container elementor-column-gap-no\">\n\t\t\t\t\t<div class=\"elementor-column elementor-col-100 elementor-top-column elementor-element elementor-element-a32dc23\" data-id=\"a32dc23\" data-element_type=\"column\" data-e-type=\"column\">\n\t\t\t<div class=\"elementor-widget-wrap elementor-element-populated\">\n\t\t\t\t\t\t<div class=\"elementor-element elementor-element-f449302 elementor-widget elementor-widget-qi_addons_for_elementor_section_title\" data-id=\"f449302\" data-element_type=\"widget\" data-e-type=\"widget\" data-widget_type=\"qi_addons_for_elementor_section_title.default\">\n\t\t\t\t<div class=\"elementor-widget-container\">\n\t\t\t\t\t<div class=\"qodef-shortcode qodef-m qodef-qi-section-title qodef-decoration--italic qodef-link--underline-draw qodef-subtitle-icon--left\">\n\t\t\t\t<p class=\"qodef-m-subtitle\">\n\t\tWhat makes us unique\t\t\t<\/p>\n\t\t\t<h1 class=\"qodef-m-title\">\n\t\tStrengths that make the difference\t<\/h1>\n\t\t\t<\/div>\n\t\t\t\t<\/div>\n\t\t\t\t<\/div>\n\t\t\t\t<section class=\"elementor-section elementor-inner-section elementor-element elementor-element-5169f80 qodef-elementor-content-grid elementor-section-boxed elementor-section-height-default elementor-section-height-default\" data-id=\"5169f80\" data-element_type=\"section\" data-e-type=\"section\">\n\t\t\t\t\t\t<div class=\"elementor-container elementor-column-gap-default\">\n\t\t\t\t\t<div class=\"elementor-column elementor-col-100 elementor-inner-column elementor-element elementor-element-63d0318\" data-id=\"63d0318\" data-element_type=\"column\" data-e-type=\"column\">\n\t\t\t<div class=\"elementor-widget-wrap elementor-element-populated\">\n\t\t\t\t\t\t<div class=\"elementor-element elementor-element-913d55d elementor-widget elementor-widget-qi_addons_for_elementor_process\" data-id=\"913d55d\" data-element_type=\"widget\" data-e-type=\"widget\" data-widget_type=\"qi_addons_for_elementor_process.default\">\n\t\t\t\t<div class=\"elementor-widget-container\">\n\t\t\t\t\t<div class=\"qodef-shortcode qodef-m qodef-qi-process qodef-qi--has-appear qodef-qi-grid qodef-layout--qi-columns qodef-col-num--4 qodef-item-layout--horizontal qodef-responsive--custom qodef-col-num--1680--3 qodef-col-num--1440--4 qodef-col-num--1366--4 qodef-col-num--1024--2 qodef-col-num--768--1 qodef-col-num--680--1 qodef-col-num--480--1\">\n\t<div class=\"qodef-grid-inner\">\n\t\t<div class=\"qodef-e qodef-process-item qodef-grid-item elementor-repeater-item-d12e9f4\">\n\t<div class=\"qodef-e-inner\">\n\t\t<div class=\"qodef-e-content\">\n\t\t\t<div class=\"qodef-e-icon-holder\">\n\t<div class=\"qodef-e-icon\">\n\t\t\t\t\t<span class=\"qodef-e-item-icon-text\">\n\t\t\t\t\t\t\t<\/span>\n\t\t\t<div class=\"qodef-e-number\">\n\t\t\t\t1.\t\t\t<\/div>\n\t\t\t<\/div>\n\t<div class=\"qodef-e-line\">\n\t\t<div class=\"qodef-e-line-inner\"><\/div>\n\t<\/div>\n<\/div>\n\t\t\t\t<h5 class=\"qodef-e-title\">\n\t\tInnovation in Design and Technology\t<\/h5>\n\t\t\t\t<p class=\"qodef-e-text\">\n\t\tAltos Technologies is distinguished by its commitment to developing well profiling tools that integrate the latest technologies. Innovation is at the heart of every product.\t<\/p>\n\t\t<\/div>\n\t<\/div>\n<\/div>\n<div class=\"qodef-e qodef-process-item qodef-grid-item elementor-repeater-item-9c79ac6\">\n\t<div class=\"qodef-e-inner\">\n\t\t<div class=\"qodef-e-content\">\n\t\t\t<div class=\"qodef-e-icon-holder\">\n\t<div class=\"qodef-e-icon\">\n\t\t\t\t\t<span class=\"qodef-e-item-icon-text\">\n\t\t\t\t\t\t\t<\/span>\n\t\t\t<div class=\"qodef-e-number\">\n\t\t\t\t2.\t\t\t<\/div>\n\t\t\t<\/div>\n\t<div class=\"qodef-e-line\">\n\t\t<div class=\"qodef-e-line-inner\"><\/div>\n\t<\/div>\n<\/div>\n\t\t\t\t<h5 class=\"qodef-e-title\">\n\t\tOperational Accuracy and Reliability\t<\/h5>\n\t\t\t\t<p class=\"qodef-e-text\">\n\t\tThe tools are designed to operate in extreme environments with maximum precision. This ensures reliable data, critical for decision-making in the energy industry.\t<\/p>\n\t\t<\/div>\n\t<\/div>\n<\/div>\n<div class=\"qodef-e qodef-process-item qodef-grid-item elementor-repeater-item-2ad27d0\">\n\t<div class=\"qodef-e-inner\">\n\t\t<div class=\"qodef-e-content\">\n\t\t\t<div class=\"qodef-e-icon-holder\">\n\t<div class=\"qodef-e-icon\">\n\t\t\t\t\t<span class=\"qodef-e-item-icon-text\">\n\t\t\t\t\t\t\t<\/span>\n\t\t\t<div class=\"qodef-e-number\">\n\t\t\t\t3.\t\t\t<\/div>\n\t\t\t<\/div>\n\t<div class=\"qodef-e-line\">\n\t\t<div class=\"qodef-e-line-inner\"><\/div>\n\t<\/div>\n<\/div>\n\t\t\t\t<h5 class=\"qodef-e-title\">\n\t\tCustomer Orientation and Adaptability\t<\/h5>\n\t\t\t\t<p class=\"qodef-e-text\">\n\t\tAltos works closely with its customers to tailor its solutions to specific operational needs, prioritizing efficiency and ease of field integration.\t<\/p>\n\t\t<\/div>\n\t<\/div>\n<\/div>\n<div class=\"qodef-e qodef-process-item qodef-grid-item elementor-repeater-item-5d53c7d\">\n\t<div class=\"qodef-e-inner\">\n\t\t<div class=\"qodef-e-content\">\n\t\t\t<div class=\"qodef-e-icon-holder\">\n\t<div class=\"qodef-e-icon\">\n\t\t\t\t\t<span class=\"qodef-e-item-icon-text\">\n\t\t\t\t\t\t\t<\/span>\n\t\t\t<div class=\"qodef-e-number\">\n\t\t\t\t4.\t\t\t<\/div>\n\t\t\t<\/div>\n\t<div class=\"qodef-e-line\">\n\t\t<div class=\"qodef-e-line-inner\"><\/div>\n\t<\/div>\n<\/div>\n\t\t\t\t<h5 class=\"qodef-e-title\">\n\t\tManufacturing Quality and Technical Support\t<\/h5>\n\t\t\t\t<p class=\"qodef-e-text\">\n\t\tAll products are manufactured with high quality standards and supported by a trained technical team available to provide support from implementation to maintenance.\t<\/p>\n\t\t<\/div>\n\t<\/div>\n<\/div>\n\t<\/div>\n<\/div>\n\t\t\t\t<\/div>\n\t\t\t\t<\/div>\n\t\t\t\t\t<\/div>\n\t\t<\/div>\n\t\t\t\t\t<\/div>\n\t\t<\/section>\n\t\t\t\t\t<\/div>\n\t\t<\/div>\n\t\t\t\t\t<\/div>\n\t\t<\/section>\n\t\t\t\t<section class=\"elementor-section elementor-top-section elementor-element elementor-element-57d797ed elementor-section-full_width elementor-section-height-default elementor-section-height-default qodef-elementor-content-no\" data-id=\"57d797ed\" data-element_type=\"section\" data-e-type=\"section\" data-settings=\"{&quot;background_background&quot;:&quot;classic&quot;}\">\n\t\t\t\t\t\t<div class=\"elementor-container elementor-column-gap-no\">\n\t\t\t\t\t<div class=\"elementor-column elementor-col-100 elementor-top-column elementor-element elementor-element-8b2c505\" data-id=\"8b2c505\" data-element_type=\"column\" data-e-type=\"column\">\n\t\t\t<div class=\"elementor-widget-wrap elementor-element-populated\">\n\t\t\t\t\t\t<section class=\"elementor-section elementor-inner-section elementor-element elementor-element-6fa5453b elementor-section-full_width qodef-elementor-content-grid elementor-section-height-default elementor-section-height-default\" data-id=\"6fa5453b\" data-element_type=\"section\" data-e-type=\"section\">\n\t\t\t\t\t\t<div class=\"elementor-container elementor-column-gap-no\">\n\t\t\t\t\t<div class=\"elementor-column elementor-col-50 elementor-inner-column elementor-element elementor-element-72d4dfab\" data-id=\"72d4dfab\" data-element_type=\"column\" data-e-type=\"column\">\n\t\t\t<div class=\"elementor-widget-wrap elementor-element-populated\">\n\t\t\t\t\t\t<div class=\"elementor-element elementor-element-f9173a4 elementor-widget elementor-widget-image\" data-id=\"f9173a4\" data-element_type=\"widget\" data-e-type=\"widget\" data-widget_type=\"image.default\">\n\t\t\t\t<div class=\"elementor-widget-container\">\n\t\t\t\t\t\t\t\t\t\t\t\t\t\t\t<img fetchpriority=\"high\" decoding=\"async\" width=\"1300\" height=\"950\" src=\"https:\/\/altos-tech.com\/wp-content\/uploads\/2025\/07\/about-2.jpg\" class=\"attachment-full size-full wp-image-3150\" alt=\"\" srcset=\"https:\/\/altos-tech.com\/wp-content\/uploads\/2025\/07\/about-2.jpg 1300w, https:\/\/altos-tech.com\/wp-content\/uploads\/2025\/07\/about-2-300x219.jpg 300w, https:\/\/altos-tech.com\/wp-content\/uploads\/2025\/07\/about-2-1024x748.jpg 1024w, https:\/\/altos-tech.com\/wp-content\/uploads\/2025\/07\/about-2-768x561.jpg 768w, https:\/\/altos-tech.com\/wp-content\/uploads\/2025\/07\/about-2-200x146.jpg 200w\" sizes=\"(max-width: 1300px) 100vw, 1300px\" \/>\t\t\t\t\t\t\t\t\t\t\t\t\t\t\t<\/div>\n\t\t\t\t<\/div>\n\t\t\t\t\t<\/div>\n\t\t<\/div>\n\t\t\t\t<div class=\"elementor-column elementor-col-50 elementor-inner-column elementor-element elementor-element-5b179fa\" data-id=\"5b179fa\" data-element_type=\"column\" data-e-type=\"column\">\n\t\t\t<div class=\"elementor-widget-wrap elementor-element-populated\">\n\t\t\t\t\t\t<div class=\"elementor-element elementor-element-195111e elementor-widget elementor-widget-qi_addons_for_elementor_tabs_horizontal\" data-id=\"195111e\" data-element_type=\"widget\" data-e-type=\"widget\" data-widget_type=\"qi_addons_for_elementor_tabs_horizontal.default\">\n\t\t\t\t<div class=\"elementor-widget-container\">\n\t\t\t\t\t<div class=\"qodef-shortcode qodef-m qodef-qi-tabs-horizontal qodef-qi-clear qodef-layout--simple qodef-title-hover--underline-draw qodef-title-underline-from-left\">\n\t<ul class=\"qodef-tabs-horizontal-navigation\">\n\t\t<li>\n\t<h5 class=\"qodef-tab-title\" role=\"tab\">\n\t\t<a href=\"#qodef-tab-65ec366\">\n\t\t\t<span class=\"q-text\">\n\t\t\t\tOur Team\t\t\t<\/span>\n\t\t<\/a>\n\t<\/h5>\n<\/li>\n<li>\n\t<h5 class=\"qodef-tab-title\" role=\"tab\">\n\t\t<a href=\"#qodef-tab-506f225\">\n\t\t\t<span class=\"q-text\">\n\t\t\t\tMission\t\t\t<\/span>\n\t\t<\/a>\n\t<\/h5>\n<\/li>\n<li>\n\t<h5 class=\"qodef-tab-title\" role=\"tab\">\n\t\t<a href=\"#qodef-tab-793c878\">\n\t\t\t<span class=\"q-text\">\n\t\t\t\tOur Values\t\t\t<\/span>\n\t\t<\/a>\n\t<\/h5>\n<\/li>\n\t<\/ul>\n\t<div class=\"qodef-tabs-horizontal-content\" id=\"qodef-tab-65ec366\">\n\t<p>At Altos Technologies, we have a multidisciplinary team of highly trained engineers, technicians, and specialists with extensive experience in the design, manufacturing, and operation of well profiling tools.<\/p><p>\u00a0<\/p><p>Our work culture is based on collaboration, continuous improvement, and a deep understanding of the challenges of the energy sector. We work closely with our clients to offer robust, precise solutions tailored to their real needs in the field.<\/p><\/div>\n<div class=\"qodef-tabs-horizontal-content\" id=\"qodef-tab-506f225\">\n\t<p>Develop and manufacture innovative, reliable, and high-performance well profiling tools that add value to our customers' operations in the energy industry.<\/p><p>\u00a0<\/p><p>We strive to optimize downhole data acquisition through advanced technology, precision engineering, and a focus on operational efficiency.<\/p><\/div>\n<div class=\"qodef-tabs-horizontal-content\" id=\"qodef-tab-793c878\">\n\t<ul><li><strong>Technical excellence:<\/strong> We design tools with the highest standards of quality and precision.<\/li><li><strong>Commitment to the customer:<\/strong> We listen, understand, and respond to the needs of each operation.<\/li><li><strong>Continuous innovation:<\/strong> We promote the development of solutions that anticipate the challenges of the energy future.<\/li><li><strong>Integrity and responsibility:<\/strong> We act with ethics, transparency, and commitment to each project and each collaborator.<\/li><\/ul><\/div>\n<\/div>\n\t\t\t\t<\/div>\n\t\t\t\t<\/div>\n\t\t\t\t\t<\/div>\n\t\t<\/div>\n\t\t\t\t\t<\/div>\n\t\t<\/section>\n\t\t\t\t\t<\/div>\n\t\t<\/div>\n\t\t\t\t\t<\/div>\n\t\t<\/section>\n\t\t\t\t<section class=\"elementor-section elementor-top-section elementor-element elementor-element-e3c8e52 elementor-section-full_width elementor-section-height-default elementor-section-height-default qodef-elementor-content-no\" data-id=\"e3c8e52\" data-element_type=\"section\" data-e-type=\"section\" data-settings=\"{&quot;background_background&quot;:&quot;classic&quot;}\">\n\t\t\t\t\t\t\t<div class=\"elementor-background-overlay\"><\/div>\n\t\t\t\t\t\t\t<div class=\"elementor-container elementor-column-gap-no\">\n\t\t\t\t\t<div class=\"elementor-column elementor-col-100 elementor-top-column elementor-element elementor-element-2a8b849\" data-id=\"2a8b849\" data-element_type=\"column\" data-e-type=\"column\">\n\t\t\t<div class=\"elementor-widget-wrap elementor-element-populated\">\n\t\t\t\t\t\t<section class=\"elementor-section elementor-inner-section elementor-element elementor-element-4954710 elementor-section-full_width qodef-elementor-content-grid elementor-section-height-default elementor-section-height-default\" data-id=\"4954710\" data-element_type=\"section\" data-e-type=\"section\">\n\t\t\t\t\t\t<div class=\"elementor-container elementor-column-gap-no\">\n\t\t\t\t\t<div class=\"elementor-column elementor-col-100 elementor-inner-column elementor-element elementor-element-721d8e2\" data-id=\"721d8e2\" data-element_type=\"column\" data-e-type=\"column\">\n\t\t\t<div class=\"elementor-widget-wrap elementor-element-populated\">\n\t\t\t\t\t\t<div class=\"elementor-element elementor-element-c3ca8bf elementor-widget elementor-widget-qi_addons_for_elementor_section_title\" data-id=\"c3ca8bf\" data-element_type=\"widget\" data-e-type=\"widget\" data-widget_type=\"qi_addons_for_elementor_section_title.default\">\n\t\t\t\t<div class=\"elementor-widget-container\">\n\t\t\t\t\t<div class=\"qodef-shortcode qodef-m qodef-qi-section-title qodef-decoration--italic qodef-link--underline-draw qodef-subtitle-icon--left\">\n\t\t\t\t<h5 class=\"qodef-m-subtitle\">\n\t\tAltos Technologies\t\t\t<\/h5>\n\t\t\t<h1 class=\"qodef-m-title\">\n\t\tTechnology that drives your operations\t<\/h1>\n\t\t\t<div class=\"qodef-m-text\"><p>Tools designed to maximize performance and efficiency.<\/p><\/div>\n\t\t<div class=\"qodef-m-button qodef-qi-clear\">\n\t\t<a class=\"qodef-shortcode qodef-m qodef-qi-button qodef-html--link qodef-layout--filled qodef-type--standard qodef-icon--right qodef-hover--icon-move-horizontal-short\" href=\"https:\/\/altos-tech.com\/en\/contacto\/\" target=\"_blank\">\t<span class=\"qodef-m-text\">Contact<\/span>\t\t<span class=\"qodef-m-icon\">\t\t<span class=\"qodef-m-icon-inner\">\t\t\t<svg xmlns=\"http:\/\/www.w3.org\/2000\/svg\" xmlns:xlink=\"http:\/\/www.w3.org\/1999\/xlink\" viewbox=\"0 0 13 15\" style=\"enable-background:new 0 0 13 15; stroke: transparent;\" xml:space=\"preserve\"><g><path d=\"M3.5,13.5l5-5l-5-5c-0.4-0.4-0.4-0.8,0-1.2s0.8-0.4,1.2,0l5.6,5.6c0.2,0.1,0.3,0.3,0.3,0.6c0,0.3-0.1,0.5-0.3,0.6l-5.6,5.6c-0.4,0.4-0.8,0.4-1.2,0C3.1,14.3,3.1,13.9,3.5,13.5z\"><\/path><\/g><\/svg>\t\t\t\t\t<\/span>\t<\/span><\/a>\t<\/div>\n<\/div>\n\t\t\t\t<\/div>\n\t\t\t\t<\/div>\n\t\t\t\t\t<\/div>\n\t\t<\/div>\n\t\t\t\t\t<\/div>\n\t\t<\/section>\n\t\t\t\t\t<\/div>\n\t\t<\/div>\n\t\t\t\t\t<\/div>\n\t\t<\/section>\n\t\t\t\t<section class=\"elementor-section elementor-top-section elementor-element elementor-element-99e3ef1 elementor-section-full_width elementor-section-height-default elementor-section-height-default qodef-elementor-content-no\" data-id=\"99e3ef1\" data-element_type=\"section\" data-e-type=\"section\" data-settings=\"{&quot;background_background&quot;:&quot;classic&quot;}\">\n\t\t\t\t\t\t<div class=\"elementor-container elementor-column-gap-default\">\n\t\t\t\t\t<div class=\"elementor-column elementor-col-100 elementor-top-column elementor-element elementor-element-a62268c\" data-id=\"a62268c\" data-element_type=\"column\" data-e-type=\"column\">\n\t\t\t<div class=\"elementor-widget-wrap elementor-element-populated\">\n\t\t\t\t\t\t<section class=\"elementor-section elementor-inner-section elementor-element elementor-element-0e3cf46 elementor-section-full_width qodef-elementor-content-grid elementor-section-height-default elementor-section-height-default\" data-id=\"0e3cf46\" data-element_type=\"section\" data-e-type=\"section\">\n\t\t\t\t\t\t<div class=\"elementor-container elementor-column-gap-default\">\n\t\t\t\t\t<div class=\"elementor-column elementor-col-100 elementor-inner-column elementor-element elementor-element-29736f0\" data-id=\"29736f0\" data-element_type=\"column\" data-e-type=\"column\">\n\t\t\t<div class=\"elementor-widget-wrap elementor-element-populated\">\n\t\t\t\t\t\t<div class=\"elementor-element elementor-element-ce7bddd elementor-widget elementor-widget-qi_addons_for_elementor_call_to_action\" data-id=\"ce7bddd\" data-element_type=\"widget\" data-e-type=\"widget\" data-widget_type=\"qi_addons_for_elementor_call_to_action.default\">\n\t\t\t\t<div class=\"elementor-widget-container\">\n\t\t\t\t\t<div class=\"qodef-shortcode qodef-m qodef-qi-call-to-action qodef-layout--standard qodef-button-below--1024\">\n\t<div class=\"qodef-m-inner\">\n\t\t<div class=\"qodef-m-content\">\n\t\t\t<h4 class=\"qodef-m-title\">\n\t\t\tAltos Technologies is the partner your project needs to develop its full potential in its different stages.\t\t<\/h4>\n\t\t<\/div>\n\t\t\t<div class=\"qodef-m-button\">\n\t\t<a class=\"qodef-shortcode qodef-m qodef-qi-button qodef-html--link qodef-layout--filled qodef-type--standard qodef-icon--right qodef-hover--icon-move-horizontal-short\" href=\"https:\/\/altos-tech.com\/en\/contacto\/\" target=\"_blank\">\t<span class=\"qodef-m-text\">Contact us at<\/span>\t\t<span class=\"qodef-m-icon\">\t\t<span class=\"qodef-m-icon-inner\">\t\t\t<svg xmlns=\"http:\/\/www.w3.org\/2000\/svg\" xmlns:xlink=\"http:\/\/www.w3.org\/1999\/xlink\" viewbox=\"0 0 13 15\" style=\"enable-background:new 0 0 13 15; stroke: transparent;\" xml:space=\"preserve\"><g><path d=\"M3.5,13.5l5-5l-5-5c-0.4-0.4-0.4-0.8,0-1.2s0.8-0.4,1.2,0l5.6,5.6c0.2,0.1,0.3,0.3,0.3,0.6c0,0.3-0.1,0.5-0.3,0.6l-5.6,5.6c-0.4,0.4-0.8,0.4-1.2,0C3.1,14.3,3.1,13.9,3.5,13.5z\"><\/path><\/g><\/svg>\t\t\t\t\t<\/span>\t<\/span><\/a>\t<\/div>\n\t\t\t<\/div>\n<\/div>\n\t\t\t\t<\/div>\n\t\t\t\t<\/div>\n\t\t\t\t\t<\/div>\n\t\t<\/div>\n\t\t\t\t\t<\/div>\n\t\t<\/section>\n\t\t\t\t\t<\/div>\n\t\t<\/div>\n\t\t\t\t\t<\/div>\n\t\t<\/section>\n\t\t\t\t<\/div>","protected":false},"excerpt":{"rendered":"<p>Somos Altos Technologies Tecnolog\u00eda de precisi\u00f3n para la industria En Altos Technologies nos especializamos en el dise\u00f1o y fabricaci\u00f3n de soluciones integrales para el perfilaje de pozos entubados. Nuestra l\u00ednea de productos incluye herramientas avanzadas de medici\u00f3n en fondo de pozo, gir\u00f3scopos de alta precisi\u00f3n para la determinaci\u00f3n de trayectoria y rumbo, as\u00ed como sistemas [&hellip;]<\/p>\n","protected":false},"author":1,"featured_media":0,"parent":0,"menu_order":0,"comment_status":"closed","ping_status":"closed","template":"qi-full-width.php","meta":{"_vp_format_video_url":"","_vp_image_focal_point":[],"footnotes":""},"class_list":["post-374","page","type-page","status-publish","hentry"],"_links":{"self":[{"href":"https:\/\/altos-tech.com\/en\/wp-json\/wp\/v2\/pages\/374","targetHints":{"allow":["GET"]}}],"collection":[{"href":"https:\/\/altos-tech.com\/en\/wp-json\/wp\/v2\/pages"}],"about":[{"href":"https:\/\/altos-tech.com\/en\/wp-json\/wp\/v2\/types\/page"}],"author":[{"embeddable":true,"href":"https:\/\/altos-tech.com\/en\/wp-json\/wp\/v2\/users\/1"}],"replies":[{"embeddable":true,"href":"https:\/\/altos-tech.com\/en\/wp-json\/wp\/v2\/comments?post=374"}],"version-history":[{"count":115,"href":"https:\/\/altos-tech.com\/en\/wp-json\/wp\/v2\/pages\/374\/revisions"}],"predecessor-version":[{"id":3608,"href":"https:\/\/altos-tech.com\/en\/wp-json\/wp\/v2\/pages\/374\/revisions\/3608"}],"wp:attachment":[{"href":"https:\/\/altos-tech.com\/en\/wp-json\/wp\/v2\/media?parent=374"}],"curies":[{"name":"wp","href":"https:\/\/api.w.org\/{rel}","templated":true}]}}